{"id":119,"date":"2017-05-24T21:45:26","date_gmt":"2017-05-24T21:45:26","guid":{"rendered":"http:\/\/www.sysbares.com\/tienda\/?post_type=product&#038;p=119"},"modified":"2017-09-09T00:56:45","modified_gmt":"2017-09-09T00:56:45","slug":"monitor-touchscreen-elotouch-1509l","status":"publish","type":"product","link":"http:\/\/www.sysbares.com\/tienda\/product\/monitor-touchscreen-elotouch-1509l\/","title":{"rendered":"Monitor touchScreen ELOTOUCH 1509L"},"content":{"rendered":"<p>Un producto Touch dise\u00f1ado y fabricado desde su origen, el 1509L ha sido pensado para adaptarse al presupuesto m\u00e1s reducido sin descuidar la altisima calidad que brinda desde hace muchos a\u00f1os la marca Elo Touchsystems, el 1509L ha sido dise\u00f1ado para adaptarse al presupuesto m\u00e1s reducido.<\/p>\n<p>El formato de pantalla wide de 15\u201d del 1509L tiene el objetivo de ahorrar espacio f\u00edsico mientras que ofrece espacio adicional en pantalla. Esto permite observar contenido extra como men\u00fas adicionales de barra lateral, teclados en pantalla o columnas adicionales de informaci\u00f3n. Adem\u00e1s, el dise\u00f1o de pantalla wide previene el bloqueo del contacto visual con los clientes y mejora la interacci\u00f3n con ellos.<\/p>\n<p>El monitor 1509L est\u00e1 disponible con pantallas touch de onda ac\u00fastica de superficie IntelliTouch, una de las tecnolog\u00edas de pantallas Touch l\u00edderes de la industria y bien establecidas de TE Connectivity. La fabricaci\u00f3n con cristal puro permite alta transmisi\u00f3n de luz sin poner en riesgo la durabilidad o la funcionalidad. Sin partes m\u00f3viles de desgaste, la respuesta Touch es r\u00e1pida, precisa y exenta de desviaci\u00f3n cuando se usa un dedo, la mano con guante o un puntero suave.<\/p>\n<p>&nbsp;<\/p>\n<p>Adem\u00e1s, el monitor puede fijarse sobre un mostrador, o cuando se retira el pedestal, puede montarse en una pared o en un poste, y su retroiluminaci\u00f3n LED reduce significativamente el consumo de energ\u00eda. El 1509L proporciona un monitor Touch de Elo Touch Solutions pr\u00e1ctico y confiable que combina tecnolog\u00eda superior de pantalla touch con un precio muy bajo.<\/p>\n<div class=\"ct-page ct-page__product-detail\">\n<div class=\"container\">\n<div class=\"ct-features ct-panel panel-group\">\n<div id=\"ficha_tecnica_producto\" class=\"panel panel-default ct-technical\">\n<div class=\"panel-heading\">\n<h5 class=\"panel-title\"><a href=\"https:\/\/ctonline.mx\/Perifericos-para-POS\/Monitores-POS\/ELOTOUCH\/MONTSN210\/6268#ct_technical\" data-toggle=\"collapse\">FICHA T\u00c9CNICA<\/a><\/h5>\n<\/div>\n<div id=\"ct_technical\" class=\"panel-collapse collapse in\">\n<div id=\"ficha_tecnica\" class=\"panel-body\">\n<div class=\"ct-section\">\n<div class=\"row\">\n<div class=\"col-sm-6\">\n<h5>EXHIBICI\u00d3N<\/h5>\n<div class=\"row\">\n<div class=\"col-xs-12 col-sm-6\"><strong>Diagonal de la pantalla<\/strong><\/div>\n<div class=\"col-xs-12 col-sm-6\">39,6 cm (15.6&#8243;)<\/div>\n<\/div>\n<div class=\"row\">\n<div class=\"col-xs-12 col-sm-6\"><strong>Tiempo de respuesta<\/strong><\/div>\n<div class=\"col-xs-12 col-sm-6\">16 ms<\/div>\n<\/div>\n<div class=\"row\">\n<div class=\"col-xs-12 col-sm-6\"><strong>Resoluci\u00f3n de la pantalla<\/strong><\/div>\n<div class=\"col-xs-12 col-sm-6\">1366 x 768 Pixeles<\/div>\n<\/div>\n<div class=\"row\">\n<div class=\"col-xs-12 col-sm-6\"><strong>Raz\u00f3n de contraste (t\u00edpica)<\/strong><\/div>\n<div class=\"col-xs-12 col-sm-6\">300:1<\/div>\n<\/div>\n<div class=\"row\">\n<div class=\"col-xs-12 col-sm-6\"><strong>Intervalo de escaneado horizontal<\/strong><\/div>\n<div class=\"col-xs-12 col-sm-6\">30 &#8211; 80 kHz<\/div>\n<\/div>\n<div class=\"row\">\n<div class=\"col-xs-12 col-sm-6\"><strong>Intervalo de escaneado vertical<\/strong><\/div>\n<div class=\"col-xs-12 col-sm-6\">50 &#8211; 60 Hz<\/div>\n<\/div>\n<div class=\"row\">\n<div class=\"col-xs-12 col-sm-6\"><strong>\u00c1ngulo de visi\u00f3n, horizontal<\/strong><\/div>\n<div class=\"col-xs-12 col-sm-6\">80\u00b0<\/div>\n<\/div>\n<div class=\"row\">\n<div class=\"col-xs-12 col-sm-6\"><strong>\u00c1ngulo de visi\u00f3n, vertical<\/strong><\/div>\n<div class=\"col-xs-12 col-sm-6\">40\u00b0<\/div>\n<\/div>\n<div class=\"row\">\n<div class=\"col-xs-12 col-sm-6\"><strong>Relaci\u00f3n de aspecto<\/strong><\/div>\n<div class=\"col-xs-12 col-sm-6\">16:9<\/div>\n<\/div>\n<div class=\"row\">\n<div class=\"col-xs-12 col-sm-6\"><strong>Retroiluminaci\u00f3n LED<\/strong><\/div>\n<div class=\"col-xs-12 col-sm-6\"><\/div>\n<\/div>\n<div class=\"row\">\n<div class=\"col-xs-12 col-sm-6\"><strong>N\u00famero de colores de la pantalla<\/strong><\/div>\n<div class=\"col-xs-12 col-sm-6\">16,78 millones de colores<\/div>\n<\/div>\n<\/div>\n<div class=\"col-sm-6\">\n<h5>PUERTOS E INTERFACES<\/h5>\n<div class=\"row\">\n<div class=\"col-xs-12 col-sm-6\"><strong>Cantidad de puertos VGA (D-Sub)<\/strong><\/div>\n<div class=\"col-xs-12 col-sm-6\">1<\/div>\n<\/div>\n<\/div>\n<\/div>\n<\/div>\n<div class=\"ct-section\">\n<div class=\"row\">\n<div class=\"col-sm-6\">\n<h5>PESO Y DIMENSIONES<\/h5>\n<div class=\"row\">\n<div class=\"col-xs-12 col-sm-6\"><strong>Ancho<\/strong><\/div>\n<div class=\"col-xs-12 col-sm-6\">39,2 cm<\/div>\n<\/div>\n<div class=\"row\">\n<div class=\"col-xs-12 col-sm-6\"><strong>Altura<\/strong><\/div>\n<div class=\"col-xs-12 col-sm-6\">22,8 cm<\/div>\n<\/div>\n<div class=\"row\">\n<div class=\"col-xs-12 col-sm-6\"><strong>Profundidad<\/strong><\/div>\n<div class=\"col-xs-12 col-sm-6\">28,5 cm<\/div>\n<\/div>\n<div class=\"row\">\n<div class=\"col-xs-12 col-sm-6\"><strong>Peso<\/strong><\/div>\n<div class=\"col-xs-12 col-sm-6\">3,9 kg<\/div>\n<\/div>\n<\/div>\n<div class=\"col-sm-6\">\n<h5>CONTROL DE ENERG\u00cdA<\/h5>\n<div class=\"row\">\n<div class=\"col-xs-12 col-sm-6\"><strong>Tipo de fuente de alimentaci\u00f3n<\/strong><\/div>\n<div class=\"col-xs-12 col-sm-6\">AC\/DC<\/div>\n<\/div>\n<div class=\"row\">\n<div class=\"col-xs-12 col-sm-6\"><strong>Consumo energ\u00e9tico<\/strong><\/div>\n<div class=\"col-xs-12 col-sm-6\">11 W<\/div>\n<\/div>\n<div class=\"row\">\n<div class=\"col-xs-12 col-sm-6\"><strong>Consumo de energ\u00eda (inactivo)<\/strong><\/div>\n<div class=\"col-xs-12 col-sm-6\">1 W<\/div>\n<\/div>\n<div class=\"row\">\n<div class=\"col-xs-12 col-sm-6\"><strong>Voltaje de entrada AC<\/strong><\/div>\n<div class=\"col-xs-12 col-sm-6\">100 &#8211; 240 V<\/div>\n<\/div>\n<div class=\"row\">\n<div class=\"col-xs-12 col-sm-6\"><strong>Frecuencia de entrada AC<\/strong><\/div>\n<div class=\"col-xs-12 col-sm-6\">50\/60 Hz<\/div>\n<\/div>\n<\/div>\n<\/div>\n<\/div>\n<div class=\"ct-section\">\n<div class=\"row\">\n<div class=\"col-sm-6\">\n<h5>CONDICIONES AMBIENTALES<\/h5>\n<div class=\"row\">\n<div class=\"col-xs-12 col-sm-6\"><strong>Intervalo de temperatura operativa<\/strong><\/div>\n<div class=\"col-xs-12 col-sm-6\">-20 &#8211; 60 \u00b0C<\/div>\n<\/div>\n<div class=\"row\">\n<div class=\"col-xs-12 col-sm-6\"><strong>Intervalo de temperatura de almacenaje<\/strong><\/div>\n<div class=\"col-xs-12 col-sm-6\">0 &#8211; 40 \u00b0C<\/div>\n<\/div>\n<div class=\"row\">\n<div class=\"col-xs-12 col-sm-6\"><strong>Intervalo de humedad relativa para funcionamiento<\/strong><\/div>\n<div class=\"col-xs-12 col-sm-6\">20 &#8211; 80%<\/div>\n<\/div>\n<div class=\"row\">\n<div class=\"col-xs-12 col-sm-6\"><strong>Intervalo de humedad relativa durante almacenaje<\/strong><\/div>\n<div class=\"col-xs-12 col-sm-6\">10 &#8211; 90%<\/div>\n<\/div>\n<\/div>\n<div class=\"col-sm-6\">\n<h5>EMPAQUETADO<\/h5>\n<div class=\"row\">\n<div class=\"col-xs-12 col-sm-6\"><strong>Mando a distancia<\/strong><\/div>\n<div class=\"col-xs-12 col-sm-6\"><\/div>\n<\/div>\n<\/div>\n<\/div>\n<\/div>\n<div class=\"ct-section\">\n<div class=\"row\">\n<div class=\"col-sm-6\">\n<h5>ERGONOM\u00cdA<\/h5>\n<div class=\"row\">\n<div class=\"col-xs-12 col-sm-6\"><strong>Interfaces de montaje VESA<\/strong><\/div>\n<div class=\"col-xs-12 col-sm-6\">75 x 75 mm<\/div>\n<\/div>\n<div class=\"row\">\n<div class=\"col-xs-12 col-sm-6\"><strong>Montaje de pared<\/strong><\/div>\n<div class=\"col-xs-12 col-sm-6\"><\/div>\n<\/div>\n<\/div>\n<div class=\"col-sm-6\">\n<h5>DISE\u00d1O<\/h5>\n<div class=\"row\">\n<div class=\"col-xs-12 col-sm-6\"><strong>Color del producto<\/strong><\/div>\n<div class=\"col-xs-12 col-sm-6\">Negro<\/div>\n<\/div>\n<div class=\"row\">\n<div class=\"col-xs-12 col-sm-6\"><strong>Material de la carcasa<\/strong><\/div>\n<div class=\"col-xs-12 col-sm-6\">De pl\u00e1stico<\/div>\n<\/div>\n<\/div>\n<\/div>\n<\/div>\n<div class=\"ct-section\">\n<div class=\"row\">\n<div class=\"col-sm-6\">\n<h5>DESEMPE\u00d1O<\/h5>\n<div class=\"row\">\n<div class=\"col-xs-12 col-sm-6\"><strong>Tipo de pantalla t\u00e1ctil<\/strong><\/div>\n<div class=\"col-xs-12 col-sm-6\">Mesa<\/div>\n<\/div>\n<div class=\"row\">\n<div class=\"col-xs-12 col-sm-6\"><strong>Conexi\u00f3n PC<\/strong><\/div>\n<div class=\"col-xs-12 col-sm-6\"><\/div>\n<\/div>\n<div class=\"row\">\n<div class=\"col-xs-12 col-sm-6\"><strong>Conectar y usar (Plug and Play)<\/strong><\/div>\n<div class=\"col-xs-12 col-sm-6\"><\/div>\n<\/div>\n<\/div>\n<\/div>\n<\/div>\n<\/div>\n<\/div>\n<\/div>\n<\/div>\n<\/div>\n<\/div>\n<footer class=\"ct-partial_footer\">\n<div class=\"ct-footer_sitemap\"><\/div>\n<\/footer>\n","protected":false},"excerpt":{"rendered":"<p>El monitor touch de escritorio de 15&#8243; 1509L de Elo Touch Solutions es una soluci\u00f3n de monitor Touch de pantalla wide de dise\u00f1o atractivo, principalmente para aplicaciones generales incluyendo punto de venta, restaurantes, comercio en general, entornos hoteleros y de ventas entre otros.<\/p>\n","protected":false},"featured_media":120,"comment_status":"open","ping_status":"closed","template":"","meta":[],"product_cat":[29,35],"product_tag":[],"_links":{"self":[{"href":"http:\/\/www.sysbares.com\/tienda\/wp-json\/wp\/v2\/product\/119"}],"collection":[{"href":"http:\/\/www.sysbares.com\/tienda\/wp-json\/wp\/v2\/product"}],"about":[{"href":"http:\/\/www.sysbares.com\/tienda\/wp-json\/wp\/v2\/types\/product"}],"replies":[{"embeddable":true,"href":"http:\/\/www.sysbares.com\/tienda\/wp-json\/wp\/v2\/comments?post=119"}],"wp:featuredmedia":[{"embeddable":true,"href":"http:\/\/www.sysbares.com\/tienda\/wp-json\/wp\/v2\/media\/120"}],"wp:attachment":[{"href":"http:\/\/www.sysbares.com\/tienda\/wp-json\/wp\/v2\/media?parent=119"}],"wp:term":[{"taxonomy":"product_cat","embeddable":true,"href":"http:\/\/www.sysbares.com\/tienda\/wp-json\/wp\/v2\/product_cat?post=119"},{"taxonomy":"product_tag","embeddable":true,"href":"http:\/\/www.sysbares.com\/tienda\/wp-json\/wp\/v2\/product_tag?post=119"}],"curies":[{"name":"wp","href":"https:\/\/api.w.org\/{rel}","templated":true}]}}