{"id":48,"date":"2017-05-17T17:42:48","date_gmt":"2017-05-17T17:42:48","guid":{"rendered":"http:\/\/www.sysbares.com\/tienda\/?post_type=product&#038;p=48"},"modified":"2017-05-17T17:42:48","modified_gmt":"2017-05-17T17:42:48","slug":"terminal-ec-line-1219-12-touch-intel-j1900-2gb-32gb-ssd-sin-sistema-operativo-modelo-ec-1219","status":"publish","type":"product","link":"http:\/\/www.sysbares.com\/tienda\/product\/terminal-ec-line-1219-12-touch-intel-j1900-2gb-32gb-ssd-sin-sistema-operativo-modelo-ec-1219\/","title":{"rendered":"Terminal EC Line 1219 &#8211; 12&#8243; &#8211; Touch &#8211; Intel J1900 &#8211; 2GB &#8211; 32GB SSD &#8211; Sin Sistema Operativo  Modelo: EC-1219"},"content":{"rendered":"<div id=\"tab_specifications\" class=\"col s12\">\n<table class=\"wd100per borderNone\" cellspacing=\"1\" cellpadding=\"3\">\n<tbody>\n<tr>\n<td class=\"bgce1e1e1 fwBold\" colspan=\"2\" valign=\"top\">Procesador<\/td>\n<\/tr>\n<tr>\n<td class=\"bgcf5f5f5\" valign=\"top\">Modelo del procesador<\/td>\n<td class=\"bgcfff\" valign=\"top\">J1900<\/td>\n<\/tr>\n<tr>\n<td class=\"bgcf5f5f5\" valign=\"top\">Familia de procesador<\/td>\n<td class=\"bgcfff\" valign=\"top\">Intel\u00ae Atom<\/td>\n<\/tr>\n<tr>\n<td class=\"bgcf5f5f5\" valign=\"top\">N\u00famero de n\u00facleos de procesador<\/td>\n<td class=\"bgcfff\" valign=\"top\">4<\/td>\n<\/tr>\n<tr>\n<td class=\"bgcf5f5f5\" valign=\"top\">Velocidad de reloj<\/td>\n<td class=\"bgcfff\" valign=\"top\">2 GHz<\/td>\n<\/tr>\n<tr>\n<td class=\"bgce1e1e1 fwBold\" colspan=\"2\" valign=\"top\">Memoria<\/td>\n<\/tr>\n<tr>\n<td class=\"bgcf5f5f5\" valign=\"top\">Tipo de memoria interna<\/td>\n<td class=\"bgcfff\" valign=\"top\">DDR3-SDRAM<\/td>\n<\/tr>\n<tr>\n<td class=\"bgcf5f5f5\" valign=\"top\">Memoria interna m\u00e1xima<\/td>\n<td class=\"bgcfff\" valign=\"top\">4 GB<\/td>\n<\/tr>\n<tr>\n<td class=\"bgcf5f5f5\" valign=\"top\">Memoria interna<\/td>\n<td class=\"bgcfff\" valign=\"top\">2 GB<\/td>\n<\/tr>\n<tr>\n<td class=\"bgcf5f5f5\" valign=\"top\">Number of memory slots<\/td>\n<td class=\"bgcfff\" valign=\"top\">1<\/td>\n<\/tr>\n<tr>\n<td class=\"bgce1e1e1 fwBold\" colspan=\"2\" valign=\"top\">Exhibici\u00f3n<\/td>\n<\/tr>\n<tr>\n<td class=\"bgcf5f5f5\" valign=\"top\">Raz\u00f3n de contraste (t\u00edpica)<\/td>\n<td class=\"bgcfff\" valign=\"top\">600:1<\/td>\n<\/tr>\n<tr>\n<td class=\"bgcf5f5f5\" valign=\"top\">\u00c1ngulo de visi\u00f3n, horizontal<\/td>\n<td class=\"bgcfff\" valign=\"top\">75\u00b0<\/td>\n<\/tr>\n<tr>\n<td class=\"bgcf5f5f5\" valign=\"top\">\u00c1ngulo de visi\u00f3n, vertical<\/td>\n<td class=\"bgcfff\" valign=\"top\">70\u00b0<\/td>\n<\/tr>\n<tr>\n<td class=\"bgcf5f5f5\" valign=\"top\">Tama\u00f1o de la pantalla<\/td>\n<td class=\"bgcfff\" valign=\"top\">26,4 cm (10.4&#8243;)<\/td>\n<\/tr>\n<tr>\n<td class=\"bgcf5f5f5\" valign=\"top\">Brillo de pantalla<\/td>\n<td class=\"bgcfff\" valign=\"top\">250 cd \/ m\u00b2<\/td>\n<\/tr>\n<tr>\n<td class=\"bgcf5f5f5\" valign=\"top\">Tiempo de respuesta<\/td>\n<td class=\"bgcfff\" valign=\"top\">8 ms<\/td>\n<\/tr>\n<tr>\n<td class=\"bgcf5f5f5\" valign=\"top\">Resoluci\u00f3n de la pantalla<\/td>\n<td class=\"bgcfff\" valign=\"top\">800 x 600 Pixeles<\/td>\n<\/tr>\n<tr>\n<td class=\"bgcf5f5f5\" valign=\"top\">\u00c1rea de visi\u00f3n efectiva<\/td>\n<td class=\"bgcfff\" valign=\"top\">304,128 x 228,96 mm<\/td>\n<\/tr>\n<tr>\n<td class=\"bgcf5f5f5\" valign=\"top\">Pantalla t\u00e1ctil<\/td>\n<td class=\"bgcfff\" valign=\"top\"><\/td>\n<\/tr>\n<tr>\n<td class=\"bgcf5f5f5\" valign=\"top\">Tecnolog\u00eda touchscreen<\/td>\n<td class=\"bgcfff\" valign=\"top\">Resistiva<\/td>\n<\/tr>\n<tr>\n<td class=\"bgcf5f5f5\" valign=\"top\">N\u00famero de colores de la pantalla<\/td>\n<td class=\"bgcfff\" valign=\"top\">16,78 millones de colores<\/td>\n<\/tr>\n<tr>\n<td class=\"bgce1e1e1 fwBold\" colspan=\"2\" valign=\"top\">Puertos e Interfaces<\/td>\n<\/tr>\n<tr>\n<td class=\"bgcf5f5f5\" valign=\"top\">Puerto paralelo<\/td>\n<td class=\"bgcfff\" valign=\"top\">1<\/td>\n<\/tr>\n<tr>\n<td class=\"bgcf5f5f5\" valign=\"top\">Salida de l\u00ednea<\/td>\n<td class=\"bgcfff\" valign=\"top\"><\/td>\n<\/tr>\n<tr>\n<td class=\"bgcf5f5f5\" valign=\"top\">Cantidad de puertos USB 2.0<\/td>\n<td class=\"bgcfff\" valign=\"top\">4<\/td>\n<\/tr>\n<tr>\n<td class=\"bgcf5f5f5\" valign=\"top\">Ethernet LAN (RJ-45) cantidad de puertos<\/td>\n<td class=\"bgcfff\" valign=\"top\">1<\/td>\n<\/tr>\n<tr>\n<td class=\"bgcf5f5f5\" valign=\"top\">Micr\u00f3fono, jack de entrada<\/td>\n<td class=\"bgcfff\" valign=\"top\"><\/td>\n<\/tr>\n<tr>\n<td class=\"bgcf5f5f5\" valign=\"top\">Jack de entrada CD<\/td>\n<td class=\"bgcfff\" valign=\"top\"><\/td>\n<\/tr>\n<tr>\n<td class=\"bgcf5f5f5\" valign=\"top\">Cantidad de puertos VGA (D-Sub)<\/td>\n<td class=\"bgcfff\" valign=\"top\">1<\/td>\n<\/tr>\n<tr>\n<td class=\"bgce1e1e1 fwBold\" colspan=\"2\" valign=\"top\">Control de energ\u00eda<\/td>\n<\/tr>\n<tr>\n<td class=\"bgcf5f5f5\" valign=\"top\">Fuente de alimentaci\u00f3n<\/td>\n<td class=\"bgcfff\" valign=\"top\">40 W<\/td>\n<\/tr>\n<tr>\n<td class=\"bgcf5f5f5\" valign=\"top\">Voltaje de entrada AC<\/td>\n<td class=\"bgcfff\" valign=\"top\">100-240 V<\/td>\n<\/tr>\n<tr>\n<td class=\"bgce1e1e1 fwBold\" colspan=\"2\" valign=\"top\">Condiciones ambientales<\/td>\n<\/tr>\n<tr>\n<td class=\"bgcf5f5f5\" valign=\"top\">Intervalo de humedad relativa para funcionamiento<\/td>\n<td class=\"bgcfff\" valign=\"top\">10 &#8211; 85%<\/td>\n<\/tr>\n<tr>\n<td class=\"bgcf5f5f5\" valign=\"top\">Intervalo de temperatura de almacenaje<\/td>\n<td class=\"bgcfff\" valign=\"top\">-20 &#8211; 60 \u00b0C<\/td>\n<\/tr>\n<tr>\n<td class=\"bgcf5f5f5\" valign=\"top\">Intervalo de temperatura operativa<\/td>\n<td class=\"bgcfff\" valign=\"top\">0 &#8211; 40 \u00b0C<\/td>\n<\/tr>\n<tr>\n<td class=\"bgce1e1e1 fwBold\" colspan=\"2\" valign=\"top\">Red<\/td>\n<\/tr>\n<tr>\n<td class=\"bgcf5f5f5\" valign=\"top\">Ethernet<\/td>\n<td class=\"bgcfff\" valign=\"top\"><\/td>\n<\/tr>\n<tr>\n<td class=\"bgcf5f5f5\" valign=\"top\">Ethernet LAN, velocidad de transferencia de datos<\/td>\n<td class=\"bgcfff\" valign=\"top\">10,100,1000 Mbit\/s<\/td>\n<\/tr>\n<tr>\n<td class=\"bgce1e1e1 fwBold\" colspan=\"2\" valign=\"top\">Medios de almacenaje<\/td>\n<\/tr>\n<tr>\n<td class=\"bgcf5f5f5\" valign=\"top\">Capacidad total de almacenaje<\/td>\n<td class=\"bgcfff\" valign=\"top\">32 GB<\/td>\n<\/tr>\n<tr>\n<td class=\"bgcf5f5f5\" valign=\"top\">Tipo de almacenamiento<\/td>\n<td class=\"bgcfff\" valign=\"top\">SSD<\/td>\n<\/tr>\n<tr>\n<td class=\"bgce1e1e1 fwBold\" colspan=\"2\" valign=\"top\">Ergonom\u00eda<\/td>\n<\/tr>\n<tr>\n<td class=\"bgcf5f5f5\" valign=\"top\">Compatibilidad con interfaces de montaje VESA<\/td>\n<td class=\"bgcfff\" valign=\"top\">100 x 100 mm<\/td>\n<\/tr>\n<tr>\n<td class=\"bgcf5f5f5\" valign=\"top\">VESA mounting<\/td>\n<td class=\"bgcfff\" valign=\"top\"><\/td>\n<\/tr>\n<tr>\n<td class=\"bgce1e1e1 fwBold\" colspan=\"2\" valign=\"top\">Dise\u00f1o<\/td>\n<\/tr>\n<tr>\n<td class=\"bgcf5f5f5\" valign=\"top\">Color del producto<\/td>\n<td class=\"bgcfff\" valign=\"top\">Negro<\/td>\n<\/tr>\n<\/tbody>\n<\/table>\n<\/div>\n","protected":false},"excerpt":{"rendered":"<p>Procesador Modelo del procesador J1900 Familia de procesador Intel\u00ae Atom N\u00famero de n\u00facleos de procesador 4 Velocidad de reloj 2 GHz Memoria Tipo de memoria interna DDR3-SDRAM Memoria interna m\u00e1xima 4 GB Memoria interna 2 GB Number of memory slots 1 Exhibici\u00f3n Raz\u00f3n de contraste (t\u00edpica) 600:1 \u00c1ngulo de visi\u00f3n, horizontal 75\u00b0 \u00c1ngulo de visi\u00f3n, [&hellip;]<\/p>\n","protected":false},"featured_media":49,"comment_status":"open","ping_status":"closed","template":"","meta":[],"product_cat":[29,35],"product_tag":[],"_links":{"self":[{"href":"http:\/\/www.sysbares.com\/tienda\/wp-json\/wp\/v2\/product\/48"}],"collection":[{"href":"http:\/\/www.sysbares.com\/tienda\/wp-json\/wp\/v2\/product"}],"about":[{"href":"http:\/\/www.sysbares.com\/tienda\/wp-json\/wp\/v2\/types\/product"}],"replies":[{"embeddable":true,"href":"http:\/\/www.sysbares.com\/tienda\/wp-json\/wp\/v2\/comments?post=48"}],"wp:featuredmedia":[{"embeddable":true,"href":"http:\/\/www.sysbares.com\/tienda\/wp-json\/wp\/v2\/media\/49"}],"wp:attachment":[{"href":"http:\/\/www.sysbares.com\/tienda\/wp-json\/wp\/v2\/media?parent=48"}],"wp:term":[{"taxonomy":"product_cat","embeddable":true,"href":"http:\/\/www.sysbares.com\/tienda\/wp-json\/wp\/v2\/product_cat?post=48"},{"taxonomy":"product_tag","embeddable":true,"href":"http:\/\/www.sysbares.com\/tienda\/wp-json\/wp\/v2\/product_tag?post=48"}],"curies":[{"name":"wp","href":"https:\/\/api.w.org\/{rel}","templated":true}]}}