{"id":76,"date":"2017-05-20T18:47:28","date_gmt":"2017-05-20T18:47:28","guid":{"rendered":"http:\/\/www.sysbares.com\/tienda\/?post_type=product&#038;p=76"},"modified":"2017-05-20T18:49:00","modified_gmt":"2017-05-20T18:49:00","slug":"monitor-de-cocina-basico-renta-mensual","status":"publish","type":"product","link":"http:\/\/www.sysbares.com\/tienda\/product\/monitor-de-cocina-basico-renta-mensual\/","title":{"rendered":"Monitor de Cocina B\u00e1sico Renta Mensual"},"content":{"rendered":"<p>El m\u00f3dulo Monitor de producci\u00f3n (tambi\u00e9n conocido como \u201cMonitor de cocina\u201d) tiene la finalidad de visualizar en pantalla las \u00f3rdenes de producci\u00f3n, de tal manera que de manera r\u00e1pida y \u00e1gil se administren los pedidos, orden\u00e1ndolos por tiempo. Los minutos de antig\u00fcedad de cada orden se actualizan en pantalla. En pantalla pueden visualizarse por cada p\u00e1gina hasta 6 \u00f3rdenes simult\u00e1neas.<\/p>\n<p><a href=\"http:\/\/softrestaurant.com.mx\/fichas-tecnicas?download=101:modulo-monitor-de-produccion-standard\">DESCARGAR FICHA TECNICA<\/a><\/p>\n","protected":false},"excerpt":{"rendered":"<p>El m\u00f3dulo Monitor de producci\u00f3n (tambi\u00e9n conocido como \u201cMonitor de cocina\u201d) tiene la finalidad de visualizar en pantalla las \u00f3rdenes de producci\u00f3n, de tal manera que de manera r\u00e1pida y \u00e1gil se administren los pedidos, orden\u00e1ndolos por tiempo. Los minutos de antig\u00fcedad de cada orden se actualizan en pantalla. En pantalla pueden visualizarse por cada p\u00e1gina hasta 6 \u00f3rdenes simult\u00e1neas.<\/p>\n","protected":false},"featured_media":77,"comment_status":"open","ping_status":"closed","template":"","meta":[],"product_cat":[30],"product_tag":[],"_links":{"self":[{"href":"http:\/\/www.sysbares.com\/tienda\/wp-json\/wp\/v2\/product\/76"}],"collection":[{"href":"http:\/\/www.sysbares.com\/tienda\/wp-json\/wp\/v2\/product"}],"about":[{"href":"http:\/\/www.sysbares.com\/tienda\/wp-json\/wp\/v2\/types\/product"}],"replies":[{"embeddable":true,"href":"http:\/\/www.sysbares.com\/tienda\/wp-json\/wp\/v2\/comments?post=76"}],"wp:featuredmedia":[{"embeddable":true,"href":"http:\/\/www.sysbares.com\/tienda\/wp-json\/wp\/v2\/media\/77"}],"wp:attachment":[{"href":"http:\/\/www.sysbares.com\/tienda\/wp-json\/wp\/v2\/media?parent=76"}],"wp:term":[{"taxonomy":"product_cat","embeddable":true,"href":"http:\/\/www.sysbares.com\/tienda\/wp-json\/wp\/v2\/product_cat?post=76"},{"taxonomy":"product_tag","embeddable":true,"href":"http:\/\/www.sysbares.com\/tienda\/wp-json\/wp\/v2\/product_tag?post=76"}],"curies":[{"name":"wp","href":"https:\/\/api.w.org\/{rel}","templated":true}]}}